{"id":30691,"date":"2025-06-08T21:39:20","date_gmt":"2025-06-09T02:39:20","guid":{"rendered":"https:\/\/leganzamobiliario.com\/?post_type=product&#038;p=30691"},"modified":"2025-06-08T21:45:38","modified_gmt":"2025-06-09T02:45:38","slug":"sofa-florelia","status":"publish","type":"product","link":"https:\/\/leganzamobiliario.com\/es_co\/producto\/sofa-florelia\/","title":{"rendered":"Sof\u00e1 Florelia"},"content":{"rendered":"<h3 data-start=\"214\" data-end=\"280\">\ud83d\udecb\ufe0f Sof\u00e1 Florelia \u2013 Estilo Moderno, Comodidad y Personalizaci\u00f3n<\/h3>\n<p>Agrega estilo y elegancia a tu hogar con el Sof\u00e1 Florelia, una pieza moderna que combina l\u00edneas limpias, confort y versatilidad. Su dise\u00f1o minimalista se adapta perfectamente a espacios contempor\u00e1neos, ya sea en apartamentos, salas principales o estudios.<\/p>\n<p>Disponible en diferentes tama\u00f1os seg\u00fan tus necesidades de espacio, el sof\u00e1 Florelia est\u00e1 fabricado con materiales de alta calidad y pensado para brindar una experiencia de descanso superior. Su estructura firme, cojiner\u00eda acolchada y patas de madera aportan estabilidad y un toque de sofisticaci\u00f3n.<\/p>\n<p>\ud83d\udcd0\u00a0Medidas disponibles:<\/p>\n<p>2,20 m largo x 0,80 m fondo (tres asientos)<\/p>\n<p>1,90 m largo x 0,80 m fondo (2.5 asientos)<\/p>\n<p>1,60 m largo x 0,80 m fondo (dos asientos)<\/p>\n<p>\u2728\u00a0Caracter\u00edsticas destacadas:<\/p>\n<p>Dise\u00f1o moderno y l\u00edneas rectas<\/p>\n<p>Cojines de alta densidad para mayor confort<\/p>\n<p>Tapizado personalizable en colores y telas<\/p>\n<p>Patas en madera natural<\/p>\n<p>Perfecto para interiores con estilo contempor\u00e1neo<\/p>\n<p>\ud83c\udfa8 Personal\u00edzalo a tu gusto y crea un sof\u00e1 \u00fanico para tu espacio.<\/p>\n<p>\ud83d\udee0\ufe0f\u00a0Fabricaci\u00f3n bajo pedido en 7 d\u00edas.<\/p>\n","protected":false},"excerpt":{"rendered":"<h3 data-start=\"214\" data-end=\"280\">\ud83d\udecb\ufe0f Sof\u00e1 Florelia \u2013 Estilo Moderno, Comodidad y Personalizaci\u00f3n<\/h3>\n<p>Agrega estilo y elegancia a tu hogar con el Sof\u00e1 Florelia, una pieza moderna que combina l\u00edneas limpias, confort y versatilidad. Su dise\u00f1o minimalista se adapta perfectamente a espacios contempor\u00e1neos, ya sea en apartamentos, salas principales o estudios.<\/p>\n<p>Disponible en diferentes tama\u00f1os seg\u00fan tus necesidades de espacio, el sof\u00e1 Florelia est\u00e1 fabricado con materiales de alta calidad y pensado para brindar una experiencia de descanso superior. Su estructura firme, cojiner\u00eda acolchada y patas de madera aportan estabilidad y un toque de sofisticaci\u00f3n.<\/p>\n<p>\ud83d\udee0\ufe0f\u00a0Fabricaci\u00f3n bajo pedido en 7 d\u00edas.<\/p>\n<p>\ud83d\udcd0\u00a0Medidas disponibles:<\/p>\n","protected":false},"featured_media":29880,"comment_status":"open","ping_status":"closed","template":"","meta":[],"product_brand":[],"product_cat":[83],"product_tag":[],"class_list":{"0":"post-30691","1":"product","2":"type-product","3":"status-publish","4":"has-post-thumbnail","6":"product_cat-sofa","7":"pa_colores-img-chenille-azul-oscuro","8":"pa_colores-img-chenille-beige","9":"pa_colores-img-chenille-blanca","10":"pa_colores-img-chenille-gris","11":"pa_colores-img-chenille-marfil","12":"pa_colores-img-lino-gris-plata","13":"pa_colores-img-lino-gris-plomo","14":"pa_colores-img-lino-gris-salitre","15":"pa_colores-img-lino-mostaza","16":"pa_colores-img-lino-negro","17":"pa_colores-img-microfibra-azul-navy","18":"pa_colores-img-microfibra-azul-turquesa","19":"pa_colores-img-microfibra-beige-textura","20":"pa_colores-img-microfibra-bruselas","21":"pa_colores-img-microfibra-bruselas-cocoa","22":"pa_colores-img-microfibra-caramelo","23":"pa_colores-img-microfibra-celeste","24":"pa_colores-img-microfibra-grafito","25":"pa_colores-img-microfibra-grey","26":"pa_colores-img-microfibra-odin-blanca","27":"pa_colores-img-microfibra-odin-gris","28":"pa_colores-img-microfibra-peach","29":"pa_colores-img-microfibra-red","30":"pa_colores-img-microfibra-salmon","31":"pa_colores-img-microfibra-sand","32":"pa_colores-img-microfibra-taupe","33":"pa_colores-img-microfibra-terra","34":"pa_colores-img-microfibra-textura-vainilla","35":"pa_colores-img-microfibra-verde-botella","36":"pa_colores-img-microfibra-verde-oliva-textura","37":"pa_colores-img-microfibra-verde-oro","38":"pa_colores-img-verde-pino","39":"pa_medida-sofa-menorso","40":"pa_medida-sofa-medioso","41":"pa_medida-sofa-mayorso","43":"first","44":"instock","45":"shipping-taxable","46":"purchasable","47":"product-type-variable"},"_links":{"self":[{"href":"https:\/\/leganzamobiliario.com\/es_co\/wp-json\/wp\/v2\/product\/30691","targetHints":{"allow":["GET"]}}],"collection":[{"href":"https:\/\/leganzamobiliario.com\/es_co\/wp-json\/wp\/v2\/product"}],"about":[{"href":"https:\/\/leganzamobiliario.com\/es_co\/wp-json\/wp\/v2\/types\/product"}],"replies":[{"embeddable":true,"href":"https:\/\/leganzamobiliario.com\/es_co\/wp-json\/wp\/v2\/comments?post=30691"}],"version-history":[{"count":0,"href":"https:\/\/leganzamobiliario.com\/es_co\/wp-json\/wp\/v2\/product\/30691\/revisions"}],"wp:featuredmedia":[{"embeddable":true,"href":"https:\/\/leganzamobiliario.com\/es_co\/wp-json\/wp\/v2\/media\/29880"}],"wp:attachment":[{"href":"https:\/\/leganzamobiliario.com\/es_co\/wp-json\/wp\/v2\/media?parent=30691"}],"wp:term":[{"taxonomy":"product_brand","embeddable":true,"href":"https:\/\/leganzamobiliario.com\/es_co\/wp-json\/wp\/v2\/product_brand?post=30691"},{"taxonomy":"product_cat","embeddable":true,"href":"https:\/\/leganzamobiliario.com\/es_co\/wp-json\/wp\/v2\/product_cat?post=30691"},{"taxonomy":"product_tag","embeddable":true,"href":"https:\/\/leganzamobiliario.com\/es_co\/wp-json\/wp\/v2\/product_tag?post=30691"}],"curies":[{"name":"wp","href":"https:\/\/api.w.org\/{rel}","templated":true}]}}