{"id":29626,"date":"2025-06-07T00:31:23","date_gmt":"2025-06-07T05:31:23","guid":{"rendered":"https:\/\/leganzamobiliario.com\/?post_type=product&#038;p=29626"},"modified":"2025-06-07T00:34:37","modified_gmt":"2025-06-07T05:34:37","slug":"comedor-allegra","status":"publish","type":"product","link":"https:\/\/leganzamobiliario.com\/es_co\/producto\/comedor-allegra\/","title":{"rendered":"Comedor Allegra"},"content":{"rendered":"<h2 data-start=\"305\" data-end=\"375\">\ud83c\udf7d\ufe0f Comedor Allegra \u2013 Mesa Rectangular con Sillas Estilo Flormorado<\/h2>\n<p data-start=\"377\" data-end=\"662\">Renueva tu comedor con el elegante y moderno <strong data-start=\"422\" data-end=\"441\">Comedor ALLEGRA<\/strong>, un conjunto que combina estilo, comodidad y funcionalidad para todo tipo de espacios. Su dise\u00f1o contempor\u00e1neo y refinado lo convierte en una excelente opci\u00f3n para apartamentos, casas familiares o ambientes minimalistas.<\/p>\n<p data-start=\"664\" data-end=\"954\">La mesa cuenta con una <strong data-start=\"687\" data-end=\"738\">tapa rectangular acabada en pintura poliuretano<\/strong>, que ofrece resistencia y un acabado brillante de alta calidad. Acompa\u00f1ada de <strong data-start=\"817\" data-end=\"845\">sillas estilo flormorado<\/strong>, acolchadas y con estructura firme, este comedor garantiza una experiencia c\u00f3moda y duradera en cada comida.<\/p>\n<p data-start=\"956\" data-end=\"1057\">\ud83d\udcd0 <strong data-start=\"959\" data-end=\"983\">Medidas disponibles:<\/strong><br \/>\nDise\u00f1ado en formatos compactos y funcionales, ideales para 4 o 6 puestos.<\/p>\n<p data-start=\"1059\" data-end=\"1081\">\u2728 <strong data-start=\"1061\" data-end=\"1081\">Caracter\u00edsticas:<\/strong><\/p>\n<ul data-start=\"1082\" data-end=\"1298\">\n<li data-start=\"1082\" data-end=\"1135\">\n<p data-start=\"1084\" data-end=\"1135\">Mesa rectangular con acabado en pintura poliuretano<\/p>\n<\/li>\n<li data-start=\"1136\" data-end=\"1173\">\n<p data-start=\"1138\" data-end=\"1173\">Sillas acolchadas estilo flormorado<\/p>\n<\/li>\n<li data-start=\"1174\" data-end=\"1228\">\n<p data-start=\"1176\" data-end=\"1228\">Dise\u00f1o moderno y vers\u00e1til para todo tipo de espacios<\/p>\n<\/li>\n<li data-start=\"1229\" data-end=\"1266\">\n<p data-start=\"1231\" data-end=\"1266\">Estructura resistente y confortable<\/p>\n<\/li>\n<li data-start=\"1267\" data-end=\"1298\">\n<p data-start=\"1269\" data-end=\"1298\">Disponible para 4 o 6 puestos<\/p>\n<\/li>\n<\/ul>\n<p data-start=\"1300\" data-end=\"1370\">\ud83c\udfa8 <strong data-start=\"1303\" data-end=\"1370\">Personal\u00edzalo a tu estilo y haz de tu comedor un espacio \u00fanico.<\/strong><\/p>\n<p data-start=\"1372\" data-end=\"1414\">\ud83d\udee0\ufe0f <strong data-start=\"1376\" data-end=\"1414\">Fabricaci\u00f3n bajo pedido en 7 d\u00edas.<\/strong><\/p>\n","protected":false},"excerpt":{"rendered":"<h2 data-start=\"305\" data-end=\"375\">\ud83c\udf7d\ufe0f Comedor ALLEGRA \u2013 Mesa Rectangular con Sillas Estilo Flormorado<\/h2>\n<p data-start=\"377\" data-end=\"662\">Renueva tu comedor con el elegante y moderno <strong data-start=\"422\" data-end=\"441\">Comedor ALLEGRA<\/strong>, un conjunto que combina estilo, comodidad y funcionalidad para todo tipo de espacios. Su dise\u00f1o contempor\u00e1neo y refinado lo convierte en una excelente opci\u00f3n para apartamentos, casas familiares o ambientes minimalistas.<\/p>\n<p data-start=\"664\" data-end=\"954\">La mesa cuenta con una <strong data-start=\"687\" data-end=\"738\">tapa rectangular acabada en pintura poliuretano<\/strong>, que ofrece resistencia y un acabado brillante de alta calidad. Acompa\u00f1ada de <strong data-start=\"817\" data-end=\"845\">sillas estilo flormorado<\/strong>, acolchadas y con estructura firme, este comedor garantiza una experiencia c\u00f3moda y duradera en cada comida.<\/p>\n<p data-start=\"664\" data-end=\"954\">\ud83d\udee0\ufe0f <strong data-start=\"1376\" data-end=\"1414\">Fabricaci\u00f3n bajo pedido en 7 d\u00edas.<\/strong><\/p>\n<p data-start=\"956\" data-end=\"1057\">\ud83d\udcd0 <strong data-start=\"959\" data-end=\"983\">Medidas disponibles:<\/strong><\/p>\n","protected":false},"featured_media":29632,"comment_status":"open","ping_status":"closed","template":"","meta":[],"product_brand":[],"product_cat":[111],"product_tag":[],"class_list":{"0":"post-29626","1":"product","2":"type-product","3":"status-publish","4":"has-post-thumbnail","6":"product_cat-comedores","7":"pa_medida-comedor-menorc","8":"pa_medida-comedor-mayorc","10":"first","11":"instock","12":"shipping-taxable","13":"purchasable","14":"product-type-variable"},"_links":{"self":[{"href":"https:\/\/leganzamobiliario.com\/es_co\/wp-json\/wp\/v2\/product\/29626","targetHints":{"allow":["GET"]}}],"collection":[{"href":"https:\/\/leganzamobiliario.com\/es_co\/wp-json\/wp\/v2\/product"}],"about":[{"href":"https:\/\/leganzamobiliario.com\/es_co\/wp-json\/wp\/v2\/types\/product"}],"replies":[{"embeddable":true,"href":"https:\/\/leganzamobiliario.com\/es_co\/wp-json\/wp\/v2\/comments?post=29626"}],"version-history":[{"count":0,"href":"https:\/\/leganzamobiliario.com\/es_co\/wp-json\/wp\/v2\/product\/29626\/revisions"}],"wp:featuredmedia":[{"embeddable":true,"href":"https:\/\/leganzamobiliario.com\/es_co\/wp-json\/wp\/v2\/media\/29632"}],"wp:attachment":[{"href":"https:\/\/leganzamobiliario.com\/es_co\/wp-json\/wp\/v2\/media?parent=29626"}],"wp:term":[{"taxonomy":"product_brand","embeddable":true,"href":"https:\/\/leganzamobiliario.com\/es_co\/wp-json\/wp\/v2\/product_brand?post=29626"},{"taxonomy":"product_cat","embeddable":true,"href":"https:\/\/leganzamobiliario.com\/es_co\/wp-json\/wp\/v2\/product_cat?post=29626"},{"taxonomy":"product_tag","embeddable":true,"href":"https:\/\/leganzamobiliario.com\/es_co\/wp-json\/wp\/v2\/product_tag?post=29626"}],"curies":[{"name":"wp","href":"https:\/\/api.w.org\/{rel}","templated":true}]}}