{"id":28700,"date":"2025-05-15T21:20:50","date_gmt":"2025-05-16T02:20:50","guid":{"rendered":"https:\/\/leganzamobiliario.com\/?post_type=product&#038;p=28700"},"modified":"2025-06-06T13:07:15","modified_gmt":"2025-06-06T18:07:15","slug":"sala-en-l-albani","status":"publish","type":"product","link":"https:\/\/leganzamobiliario.com\/es_co\/producto\/sala-en-l-albani\/","title":{"rendered":"Sala en L Albani"},"content":{"rendered":"<h3 class=\"\" data-start=\"191\" data-end=\"277\">\ud83d\udecb\ufe0f <strong data-start=\"199\" data-end=\"277\">Sala en L Modelo Albani \u2013 Sala de 5 Puestos con Chaise Longue<\/strong><\/h3>\n<p class=\"\" data-start=\"279\" data-end=\"522\">Dale un nuevo aire a tus espacios con la <strong data-start=\"320\" data-end=\"353\">Sala en L Sala en L Albani<\/strong>, un sala elegante, funcional y personalizado. Dise\u00f1ada bajo pedido, esta sala combina comodidad y estilo, perfecta para salas modernas, apartamentos o zonas familiares.<\/p>\n<p class=\"\" data-start=\"524\" data-end=\"693\">Con un dise\u00f1o tipo chaise longue (izquierda o derecha), este sala se adapta a tus necesidades de espacio y distribuci\u00f3n, ofreciendo una experiencia de descanso superior.<\/p>\n<h4 class=\"\" data-start=\"695\" data-end=\"727\">\ud83d\udcd0 <strong data-start=\"703\" data-end=\"727\">Medidas disponibles:<\/strong><\/h4>\n<ul data-start=\"728\" data-end=\"944\">\n<li class=\"\" data-start=\"728\" data-end=\"800\">\n<p class=\"\" data-start=\"730\" data-end=\"800\"><strong data-start=\"730\" data-end=\"740\">2,60 m<\/strong> de ancho total x <strong data-start=\"758\" data-end=\"768\">1,60 m<\/strong> de fondo x <strong data-start=\"780\" data-end=\"790\">0,80 m<\/strong> de alto<\/p>\n<\/li>\n<li class=\"\" data-start=\"801\" data-end=\"873\">\n<p class=\"\" data-start=\"803\" data-end=\"873\"><strong data-start=\"803\" data-end=\"813\">2,30 m<\/strong> de ancho total x <strong data-start=\"831\" data-end=\"841\">1,60 m<\/strong> de fondo x <strong data-start=\"853\" data-end=\"863\">0,80 m<\/strong> de alto<\/p>\n<\/li>\n<li class=\"\" data-start=\"874\" data-end=\"944\">\n<p class=\"\" data-start=\"876\" data-end=\"944\"><strong data-start=\"876\" data-end=\"886\">2,00 m<\/strong> de ancho total x <strong data-start=\"904\" data-end=\"914\">1,60 m<\/strong> de fondo x <strong data-start=\"926\" data-end=\"936\">0,80 m<\/strong> de alto<\/p>\n<\/li>\n<\/ul>\n<blockquote data-start=\"946\" data-end=\"1010\">\n<p class=\"\" data-start=\"948\" data-end=\"1010\"><em data-start=\"948\" data-end=\"1010\">Chaise longue disponible en orientaci\u00f3n izquierda o derecha.<\/em><\/p>\n<\/blockquote>\n<h4 class=\"\" data-start=\"1012\" data-end=\"1039\"><span style=\"vertical-align: inherit;\"><span style=\"vertical-align: inherit;\"><span style=\"vertical-align: inherit;\"><span style=\"vertical-align: inherit;\">\u2728 <\/span><\/span><\/span><\/span><strong data-start=\"1019\" data-end=\"1039\"><span style=\"vertical-align: inherit;\"><span style=\"vertical-align: inherit;\"><span style=\"vertical-align: inherit;\"><span style=\"vertical-align: inherit;\">Caracter\u00edsticas:<\/span><\/span><\/span><\/span><\/strong><\/h4>\n<ul data-start=\"1040\" data-end=\"1252\">\n<li class=\"\" data-start=\"1081\" data-end=\"1134\">\n<p class=\"\" data-start=\"1083\" data-end=\"1134\">Estructura en madera inmunizada de alta resistencia<\/p>\n<\/li>\n<li class=\"\" data-start=\"1135\" data-end=\"1179\">\n<p class=\"\" data-start=\"1137\" data-end=\"1179\">Espuma de alta densidad para mayor confort<\/p>\n<\/li>\n<li class=\"\" data-start=\"1180\" data-end=\"1224\">\n<p class=\"\" data-start=\"1182\" data-end=\"1224\">Tapizado personalizable en telas y colores<\/p>\n<\/li>\n<li class=\"\" data-start=\"1225\" data-end=\"1252\">\n<p class=\"\" data-start=\"1227\" data-end=\"1252\">Estilo moderno y vers\u00e1til<\/p>\n<\/li>\n<\/ul>\n<p class=\"\" data-start=\"1254\" data-end=\"1338\">\ud83c\udfa8 <strong data-start=\"1257\" data-end=\"1338\">Personal\u00edzala a tu gusto y obt\u00e9n una pieza \u00fanica hecha especialmente para ti.<\/strong><\/p>\n<table style=\"height: 42px;\" width=\"775\">\n<tbody>\n<tr>\n<td width=\"107\"><strong>Fabricaci\u00f3n bajo pedido en 7 d\u00edas<\/strong><\/td>\n<\/tr>\n<\/tbody>\n<\/table>\n<h3 class=\"\" data-start=\"191\" data-end=\"277\"><\/h3>\n","protected":false},"excerpt":{"rendered":"<h3 class=\"\" data-start=\"191\" data-end=\"277\">\ud83d\udecb\ufe0f <strong data-start=\"199\" data-end=\"277\">Sala en L Modelo Albani \u2013 Sala de 5 Puestos con Chaise Longue<\/strong><\/h3>\n<p class=\"\" data-start=\"279\" data-end=\"522\">Dale un nuevo aire a tus espacios con la <strong data-start=\"320\" data-end=\"353\">Sala en L Sala en L Albani<\/strong>, un sala elegante, funcional y personalizado. Dise\u00f1ada bajo pedido, esta sala combina comodidad y estilo, perfecta para salas modernas, apartamentos o zonas familiares.<\/p>\n<p class=\"\" data-start=\"524\" data-end=\"693\">Con un dise\u00f1o tipo chaise longue (izquierda o derecha), este sala se adapta a tus necesidades de espacio y distribuci\u00f3n, ofreciendo una experiencia de descanso superior.<\/p>\n<table style=\"height: 42px;\" width=\"775\">\n<tbody>\n<tr>\n<td width=\"107\"><strong>Fabricaci\u00f3n bajo pedido en 21 d\u00edas<\/strong><\/td>\n<\/tr>\n<\/tbody>\n<\/table>\n","protected":false},"featured_media":28702,"comment_status":"open","ping_status":"closed","template":"","meta":[],"product_brand":[],"product_cat":[57],"product_tag":[],"class_list":{"0":"post-28700","1":"product","2":"type-product","3":"status-publish","4":"has-post-thumbnail","6":"product_cat-salas","7":"pa_colores-img-chenille-azul-oscuro","8":"pa_colores-img-chenille-beige","9":"pa_colores-img-chenille-blanca","10":"pa_colores-img-chenille-gris","11":"pa_colores-img-chenille-marfil","12":"pa_colores-img-lino-gris-plata","13":"pa_colores-img-lino-gris-plomo","14":"pa_colores-img-lino-gris-salitre","15":"pa_colores-img-lino-mostaza","16":"pa_colores-img-lino-negro","17":"pa_colores-img-microfibra-azul-navy","18":"pa_colores-img-microfibra-azul-turquesa","19":"pa_colores-img-microfibra-beige-textura","20":"pa_colores-img-microfibra-bruselas","21":"pa_colores-img-microfibra-bruselas-cocoa","22":"pa_colores-img-microfibra-caramelo","23":"pa_colores-img-microfibra-celeste","24":"pa_colores-img-microfibra-grafito","25":"pa_colores-img-microfibra-grey","26":"pa_colores-img-microfibra-odin-blanca","27":"pa_colores-img-microfibra-odin-gris","28":"pa_colores-img-microfibra-peach","29":"pa_colores-img-microfibra-red","30":"pa_colores-img-microfibra-salmon","31":"pa_colores-img-microfibra-sand","32":"pa_colores-img-microfibra-taupe","33":"pa_colores-img-microfibra-terra","34":"pa_colores-img-microfibra-textura-vainilla","35":"pa_colores-img-microfibra-verde-botella","36":"pa_colores-img-microfibra-verde-oliva-textura","37":"pa_colores-img-microfibra-verde-oro","38":"pa_colores-img-verde-pino","40":"first","41":"instock","42":"shipping-taxable","43":"purchasable","44":"product-type-variable"},"_links":{"self":[{"href":"https:\/\/leganzamobiliario.com\/es_co\/wp-json\/wp\/v2\/product\/28700","targetHints":{"allow":["GET"]}}],"collection":[{"href":"https:\/\/leganzamobiliario.com\/es_co\/wp-json\/wp\/v2\/product"}],"about":[{"href":"https:\/\/leganzamobiliario.com\/es_co\/wp-json\/wp\/v2\/types\/product"}],"replies":[{"embeddable":true,"href":"https:\/\/leganzamobiliario.com\/es_co\/wp-json\/wp\/v2\/comments?post=28700"}],"version-history":[{"count":0,"href":"https:\/\/leganzamobiliario.com\/es_co\/wp-json\/wp\/v2\/product\/28700\/revisions"}],"wp:featuredmedia":[{"embeddable":true,"href":"https:\/\/leganzamobiliario.com\/es_co\/wp-json\/wp\/v2\/media\/28702"}],"wp:attachment":[{"href":"https:\/\/leganzamobiliario.com\/es_co\/wp-json\/wp\/v2\/media?parent=28700"}],"wp:term":[{"taxonomy":"product_brand","embeddable":true,"href":"https:\/\/leganzamobiliario.com\/es_co\/wp-json\/wp\/v2\/product_brand?post=28700"},{"taxonomy":"product_cat","embeddable":true,"href":"https:\/\/leganzamobiliario.com\/es_co\/wp-json\/wp\/v2\/product_cat?post=28700"},{"taxonomy":"product_tag","embeddable":true,"href":"https:\/\/leganzamobiliario.com\/es_co\/wp-json\/wp\/v2\/product_tag?post=28700"}],"curies":[{"name":"wp","href":"https:\/\/api.w.org\/{rel}","templated":true}]}}